{"id":127,"date":"2022-10-17T18:23:42","date_gmt":"2022-10-17T16:23:42","guid":{"rendered":"http:\/\/mzk.starogard.pl\/bip\/?page_id=127"},"modified":"2026-03-11T13:42:44","modified_gmt":"2026-03-11T12:42:44","slug":"strona-glowna","status":"publish","type":"page","link":"https:\/\/mzk.starogard.pl\/bip\/","title":{"rendered":"Strona g\u0142\u00f3wna"},"content":{"rendered":"\n<p><strong>Dane adresowe<br><\/strong>83-200 Starogard Gda\u0144ski<br>ul. Tczewska 20<br>tel.: +48 58 562-30-01, +48 58 562-30-02<br>fax: +48 58 562-52-11<br>www: www.mzk.starogard.pl<br>e-mail: mzk@mzk.starogard.pl<\/p>\n\n\n\n<p><strong>Status prawny<br><\/strong>Zak\u0142ad Bud\u017cetowy \u2013 jednostka finans\u00f3w publicznych<\/p>\n\n\n\n<p><strong>Struktura w\u0142asno\u015bci<br><\/strong>trwa\u0142y zarz\u0105d na maj\u0105tku gminy.<\/p>\n\n\n\n<p><strong>Elektroniczna skrzynka podawcza \u2013 ePUAP<br><\/strong>esp:&nbsp;<a href=\"http:\/\/epuap.gov.pl\/\" data-type=\"URL\" data-id=\"http:\/\/epuap.gov.pl\/\" target=\"_blank\" rel=\"noreferrer noopener\">http:\/\/epuap.gov.pl<\/a><br>Podmiot: Miejski Zak\u0142ad Komunikacji w Starogardzie Gda\u0144skim<br>adres: MZK_Starogard\/Skrytka ESP<\/p>\n\n\n\n<p><strong>Adres e-dor\u0119cze\u0144<\/strong><br>AE:PL-57096-29376-HDRED-19<\/p>\n\n\n\n<p><strong>System eFaktura<\/strong><br>PEF:&nbsp;<a href=\"http:\/\/efaktura.gov.pl\/\" data-type=\"URL\" data-id=\"http:\/\/efaktura.gov.pl\/\" target=\"_blank\" rel=\"noreferrer noopener\">http:\/\/efaktura.gov.pl<\/a><br>skr\u00f3cona nazwa skrzynki: Miejski Zak\u0142ad Komunikacji<br>numer PEPPOL: NIP 5920401390<\/p>\n","protected":false},"excerpt":{"rendered":"<p>Dane adresowe83-200 Starogard Gda\u0144skiul. Tczewska 20tel.: +48 58 562-30-01, +48 58 562-30-02fax: +48 58 562-52-11www: www.mzk.starogard.ple-mail: mzk@mzk.starogard.pl Status prawnyZak\u0142ad Bud\u017cetowy &#8230; <\/p>\n<p class=\"read-more-container\"><a title=\"Strona g\u0142\u00f3wna\" class=\"read-more button\" href=\"https:\/\/mzk.starogard.pl\/bip\/#more-127\" aria-label=\"More on Strona g\u0142\u00f3wna\">Read more<\/a><\/p>\n","protected":false},"author":1,"featured_media":0,"parent":0,"menu_order":0,"comment_status":"closed","ping_status":"closed","template":"","meta":{"footnotes":""},"class_list":["post-127","page","type-page","status-publish"],"_links":{"self":[{"href":"https:\/\/mzk.starogard.pl\/bip\/wp-json\/wp\/v2\/pages\/127","targetHints":{"allow":["GET"]}}],"collection":[{"href":"https:\/\/mzk.starogard.pl\/bip\/wp-json\/wp\/v2\/pages"}],"about":[{"href":"https:\/\/mzk.starogard.pl\/bip\/wp-json\/wp\/v2\/types\/page"}],"author":[{"embeddable":true,"href":"https:\/\/mzk.starogard.pl\/bip\/wp-json\/wp\/v2\/users\/1"}],"replies":[{"embeddable":true,"href":"https:\/\/mzk.starogard.pl\/bip\/wp-json\/wp\/v2\/comments?post=127"}],"version-history":[{"count":3,"href":"https:\/\/mzk.starogard.pl\/bip\/wp-json\/wp\/v2\/pages\/127\/revisions"}],"predecessor-version":[{"id":433,"href":"https:\/\/mzk.starogard.pl\/bip\/wp-json\/wp\/v2\/pages\/127\/revisions\/433"}],"wp:attachment":[{"href":"https:\/\/mzk.starogard.pl\/bip\/wp-json\/wp\/v2\/media?parent=127"}],"curies":[{"name":"wp","href":"https:\/\/api.w.org\/{rel}","templated":true}]}}